{"id":55,"date":"2023-06-10T13:47:31","date_gmt":"2023-06-10T11:47:31","guid":{"rendered":"https:\/\/scierie05.fr\/?page_id=55"},"modified":"2025-02-21T18:03:28","modified_gmt":"2025-02-21T17:03:28","slug":"les-produits","status":"publish","type":"page","link":"https:\/\/scierie05.fr\/index.php\/les-produits\/","title":{"rendered":"les produits"},"content":{"rendered":"<div class=\"wp-bootstrap-blocks-row row\">\n\t\n\n<div class=\"col-12 col-md-6\">\n\t\t\t<div class=\"p-3\">\n\t\t\t\n\n<div class=\"wp-block-group coteacote\"><div class=\"wp-block-group__inner-container is-layout-constrained wp-block-group-is-layout-constrained\">\n<figure class=\"wp-block-image size-full\"><img loading=\"lazy\" decoding=\"async\" width=\"111\" height=\"111\" src=\"https:\/\/scierie05.fr\/wp-content\/uploads\/2023\/06\/Calque-8.png\" alt=\"\" class=\"wp-image-83\"\/><\/figure>\n\n\n\n<div class=\"wp-block-group\"><div class=\"wp-block-group__inner-container is-layout-constrained wp-block-group-is-layout-constrained\">\n<p><strong>BARDAGE lambris<br>parquet<\/strong><\/p>\n\n\n\n<ul class=\"wp-block-list\">\n<li><a href=\"http:\/\/scierie05.fr\/wp-content\/uploads\/2025\/02\/LAMBRIS-BARDAGE-DOUGLAS-1.pdf\" data-type=\"URL\" data-id=\"https:\/\/scierie05.fr\/pdf\/LAMBRIS  BARDAGE  DOUGLAS.pdf\" target=\"_blank\" rel=\"noreferrer noopener\">DOUGLAS<\/a><\/li>\n\n\n\n<li><a href=\"http:\/\/scierie05.fr\/wp-content\/uploads\/2025\/02\/LAMBRIS-BARDAGE-EPICEA.pdf\" target=\"_blank\" rel=\"noreferrer noopener\">EPICEA<\/a><\/li>\n\n\n\n<li><a href=\"http:\/\/scierie05.fr\/wp-content\/uploads\/2025\/02\/LAMBRIS-BARDAGE-MELEZE.pdf\" target=\"_blank\" rel=\"noreferrer noopener\">MELEZE<\/a><\/li>\n\n\n\n<li><a href=\"http:\/\/scierie05.fr\/wp-content\/uploads\/2023\/09\/LAMBRIS-BARDAGE-AUTOCLAVE.pdf\" target=\"_blank\" rel=\"noreferrer noopener\">AUTOCLAVE<\/a><\/li>\n\n\n\n<li><a href=\"http:\/\/scierie05.fr\/wp-content\/uploads\/2025\/02\/PARQUET.pdf\" target=\"_blank\" rel=\"noreferrer noopener\">PARQUET<\/a><\/li>\n<\/ul>\n<\/div><\/div>\n<\/div><\/div>\n\n\t\t<\/div>\n\t<\/div>\n\n\n\n<div class=\"col-12 col-md-6\">\n\t\t\t<div class=\"p-3\">\n\t\t\t\n\n<div class=\"wp-block-group coteacote\"><div class=\"wp-block-group__inner-container is-layout-constrained wp-block-group-is-layout-constrained\">\n<figure class=\"wp-block-image size-full\"><img loading=\"lazy\" decoding=\"async\" width=\"111\" height=\"111\" src=\"https:\/\/scierie05.fr\/wp-content\/uploads\/2023\/06\/Calque-9.png\" alt=\"\" class=\"wp-image-79\"\/><\/figure>\n\n\n\n<div class=\"wp-block-group\"><div class=\"wp-block-group__inner-container is-layout-constrained wp-block-group-is-layout-constrained\">\n<p><strong>CONTRE COLLE<br>lamell\u00e9 coll\u00e9<\/strong><\/p>\n\n\n\n<ul class=\"wp-block-list\">\n<li><a href=\"http:\/\/scierie05.fr\/wp-content\/uploads\/2024\/02\/contre-colle-DOUGLAS.pdf\" target=\"_blank\" rel=\"noreferrer noopener\">DOUGLAS<\/a><\/li>\n\n\n\n<li><a href=\"https:\/\/scierie05.fr\/pdf\/contre coll\u00e9 EPICEA.pdf\" target=\"_blank\" rel=\"noreferrer noopener\">EPICEA<\/a><\/li>\n\n\n\n<li><a href=\"https:\/\/scierie05.fr\/pdf\/contre coll\u00e9 MELEZE.pdf\" target=\"_blank\" rel=\"noreferrer noopener\">MELEZE<\/a><\/li>\n\n\n\n<li><a href=\"http:\/\/scierie05.fr\/wp-content\/uploads\/2024\/02\/contre-colle-PIN-TRAITE-AUTOCLAVE.pdf\" target=\"_blank\" rel=\"noreferrer noopener\">AUTOCLAVE<\/a><\/li>\n\n\n\n<li><a href=\"https:\/\/scierie05.fr\/pdf\/lamell\u00e9 coll\u00e9 EPICEA.pdf\" target=\"_blank\" rel=\"noreferrer noopener\">lamell\u00e9 coll\u00e9 \u00e9pic\u00e9a<\/a><\/li>\n<\/ul>\n<\/div><\/div>\n<\/div><\/div>\n\n\t\t<\/div>\n\t<\/div>\n\n<\/div>\n\n\n<div class=\"wp-bootstrap-blocks-row row\">\n\t\n\n<div class=\"col-12 col-md-6\">\n\t\t\t<div class=\"p-3\">\n\t\t\t\n\n<div class=\"wp-block-group coteacote\"><div class=\"wp-block-group__inner-container is-layout-constrained wp-block-group-is-layout-constrained\">\n<figure class=\"wp-block-image size-full\"><img loading=\"lazy\" decoding=\"async\" width=\"111\" height=\"111\" src=\"https:\/\/scierie05.fr\/wp-content\/uploads\/2023\/06\/Calque-7.png\" alt=\"\" class=\"wp-image-85\"\/><\/figure>\n\n\n\n<p class=\"has-text-align-left\"><a href=\"http:\/\/scierie05.fr\/wp-content\/uploads\/2025\/02\/LAME-DE-TERRASSE-1.pdf\" target=\"_blank\" rel=\"noreferrer noopener\">LAME DE TERRASSE<\/a><\/p>\n<\/div><\/div>\n\n\t\t<\/div>\n\t<\/div>\n\n\n\n<div class=\"col-12 col-md-6\">\n\t\t\t<div class=\"p-3\">\n\t\t\t\n\n<div class=\"wp-block-group coteacote\"><div class=\"wp-block-group__inner-container is-layout-constrained wp-block-group-is-layout-constrained\">\n<figure class=\"wp-block-image size-full\"><img loading=\"lazy\" decoding=\"async\" width=\"111\" height=\"111\" src=\"https:\/\/scierie05.fr\/wp-content\/uploads\/2023\/06\/Calque-21.png\" alt=\"\" class=\"wp-image-76\"\/><\/figure>\n\n\n\n<div class=\"wp-block-group\"><div class=\"wp-block-group__inner-container is-layout-constrained wp-block-group-is-layout-constrained\">\n<p><strong>\u00e9nergie<br>et espaces verts<\/strong><\/p>\n\n\n\n<ul class=\"wp-block-list\">\n<li><a href=\"https:\/\/scierie05.fr\/pdf\/ENERGIE  ET  ESPACE VERT.pdf\" target=\"_blank\" rel=\"noreferrer noopener\">bois de chauffage<\/a><\/li>\n<\/ul>\n<\/div><\/div>\n<\/div><\/div>\n\n\t\t<\/div>\n\t<\/div>\n\n<\/div>\n\n\n<div class=\"wp-bootstrap-blocks-row row\">\n\t\n\n<div class=\"col-12 col-md-6\">\n\t\t\t<div class=\"p-3\">\n\t\t\t\n\n<div class=\"wp-block-group coteacote\"><div class=\"wp-block-group__inner-container is-layout-constrained wp-block-group-is-layout-constrained\">\n<figure class=\"wp-block-image size-full\"><img loading=\"lazy\" decoding=\"async\" width=\"111\" height=\"111\" src=\"https:\/\/scierie05.fr\/wp-content\/uploads\/2023\/06\/Calque-8.png\" alt=\"\" class=\"wp-image-83\"\/><\/figure>\n\n\n\n<div class=\"wp-block-group\"><div class=\"wp-block-group__inner-container is-layout-constrained wp-block-group-is-layout-constrained\">\n<p><strong>PANNEAU<\/strong><\/p>\n\n\n\n<ul class=\"wp-block-list\">\n<li><a href=\"http:\/\/scierie05.fr\/wp-content\/uploads\/2025\/02\/panneau-1-pli.pdf\">Lamell\u00e9 coll\u00e9 1 PLI<\/a><\/li>\n\n\n\n<li><a href=\"http:\/\/scierie05.fr\/wp-content\/uploads\/2025\/02\/panneau-3-plis-1.pdf\" target=\"_blank\" rel=\"noreferrer noopener\">lamell\u00e9 coll\u00e9 3 PLIS<\/a><\/li>\n\n\n\n<li><a href=\"http:\/\/scierie05.fr\/wp-content\/uploads\/2025\/02\/PANNEAU-ET-DALLE-3.pdf\" target=\"_blank\" rel=\"noreferrer noopener\">reconstitu\u00e9 &amp; dalles<\/a><\/li>\n<\/ul>\n<\/div><\/div>\n<\/div><\/div>\n\n\t\t<\/div>\n\t<\/div>\n\n\n\n<div class=\"col-12 col-md-6\">\n\t\t\t<div class=\"p-3\">\n\t\t\t\n\n<div class=\"wp-block-group coteacote\"><div class=\"wp-block-group__inner-container is-layout-constrained wp-block-group-is-layout-constrained\">\n<figure class=\"wp-block-image size-full\"><img loading=\"lazy\" decoding=\"async\" width=\"111\" height=\"111\" src=\"https:\/\/scierie05.fr\/wp-content\/uploads\/2023\/06\/Calque-11.png\" alt=\"\" class=\"wp-image-67\"\/><\/figure>\n\n\n\n<div class=\"wp-block-group\"><div class=\"wp-block-group__inner-container is-layout-constrained wp-block-group-is-layout-constrained\">\n<p><strong>bois de n\u00e9goce<\/strong><\/p>\n\n\n\n<ul class=\"wp-block-list\">\n<li><a href=\"http:\/\/scierie05.fr\/wp-content\/uploads\/2024\/02\/RONDIN-ET-PIN-TRAITE-AUTOCLAVE-CLASSE-4.pdf\" target=\"_blank\" rel=\"noreferrer noopener\">rondins et bois autoclave classe 4<\/a><\/li>\n\n\n\n<li><a href=\"http:\/\/scierie05.fr\/wp-content\/uploads\/2024\/02\/DOUGLAS-.pdf\" target=\"_blank\" rel=\"noreferrer noopener\">douglas<\/a><\/li>\n\n\n\n<li><a href=\"http:\/\/scierie05.fr\/wp-content\/uploads\/2024\/02\/BOIS-DIVERS-NEGOCE.pdf\" target=\"_blank\" rel=\"noreferrer noopener\">divers bois<\/a><\/li>\n<\/ul>\n<\/div><\/div>\n<\/div><\/div>\n\n\t\t<\/div>\n\t<\/div>\n\n<\/div>\n\n\n<div class=\"wp-bootstrap-blocks-row row\">\n\t\n\n<div class=\"col-12 col-md-6\">\n\t\t\t<div class=\"p-3\">\n\t\t\t\n\n<div class=\"wp-block-group coteacote\"><div class=\"wp-block-group__inner-container is-layout-constrained wp-block-group-is-layout-constrained\">\n<figure class=\"wp-block-image size-full\"><img loading=\"lazy\" decoding=\"async\" width=\"111\" height=\"111\" src=\"https:\/\/scierie05.fr\/wp-content\/uploads\/2023\/06\/Calque-12.png\" alt=\"\" class=\"wp-image-56\"\/><\/figure>\n\n\n\n<p class=\"has-text-align-left\"><a href=\"http:\/\/scierie05.fr\/wp-content\/uploads\/2024\/02\/SCIAGE.pdf\" target=\"_blank\" rel=\"noreferrer noopener\">SAPIN ET MELEZE<br>EN DEBIT SUR LISTE<\/a><\/p>\n<\/div><\/div>\n\n\t\t<\/div>\n\t<\/div>\n\n\n\n<div class=\"col-12 col-md-6\">\n\t\t\t<div class=\"p-3\">\n\t\t\t\n\n<div class=\"wp-block-group coteacote\"><div class=\"wp-block-group__inner-container is-layout-constrained wp-block-group-is-layout-constrained\">\n<figure class=\"wp-block-image size-full\"><img loading=\"lazy\" decoding=\"async\" width=\"111\" height=\"111\" src=\"https:\/\/scierie05.fr\/wp-content\/uploads\/2023\/06\/Calque-14.png\" alt=\"\" class=\"wp-image-63\"\/><\/figure>\n\n\n\n<p><a href=\"http:\/\/scierie05.fr\/wp-content\/uploads\/2024\/02\/PRESTATION-QUINCAILLERIE-TRAITEMENT.pdf\" target=\"_blank\" rel=\"noreferrer noopener\">PRESTATION<br>QUINCAILLERIE<br>TRAITEMENT<\/a><\/p>\n<\/div><\/div>\n\n\t\t<\/div>\n\t<\/div>\n\n<\/div>\n","protected":false},"excerpt":{"rendered":"","protected":false},"author":1,"featured_media":58,"parent":0,"menu_order":0,"comment_status":"closed","ping_status":"closed","template":"","meta":{"footnotes":""},"class_list":["post-55","page","type-page","status-publish","has-post-thumbnail","hentry"],"_links":{"self":[{"href":"https:\/\/scierie05.fr\/index.php\/wp-json\/wp\/v2\/pages\/55","targetHints":{"allow":["GET"]}}],"collection":[{"href":"https:\/\/scierie05.fr\/index.php\/wp-json\/wp\/v2\/pages"}],"about":[{"href":"https:\/\/scierie05.fr\/index.php\/wp-json\/wp\/v2\/types\/page"}],"author":[{"embeddable":true,"href":"https:\/\/scierie05.fr\/index.php\/wp-json\/wp\/v2\/users\/1"}],"replies":[{"embeddable":true,"href":"https:\/\/scierie05.fr\/index.php\/wp-json\/wp\/v2\/comments?post=55"}],"version-history":[{"count":74,"href":"https:\/\/scierie05.fr\/index.php\/wp-json\/wp\/v2\/pages\/55\/revisions"}],"predecessor-version":[{"id":240,"href":"https:\/\/scierie05.fr\/index.php\/wp-json\/wp\/v2\/pages\/55\/revisions\/240"}],"wp:featuredmedia":[{"embeddable":true,"href":"https:\/\/scierie05.fr\/index.php\/wp-json\/wp\/v2\/media\/58"}],"wp:attachment":[{"href":"https:\/\/scierie05.fr\/index.php\/wp-json\/wp\/v2\/media?parent=55"}],"curies":[{"name":"wp","href":"https:\/\/api.w.org\/{rel}","templated":true}]}}