{"id":41,"date":"2023-06-10T13:31:34","date_gmt":"2023-06-10T11:31:34","guid":{"rendered":"https:\/\/scierie05.fr\/?page_id=41"},"modified":"2023-06-10T13:34:03","modified_gmt":"2023-06-10T11:34:03","slug":"la-gravure-laser","status":"publish","type":"page","link":"https:\/\/scierie05.fr\/index.php\/la-gravure-laser\/","title":{"rendered":"la gravure laser"},"content":{"rendered":"\n<p>Nous vous proposons \u00e9galement de <strong>la gravure laser<\/strong> sur bois, verre, \u2026 sur des supports pouvant faire jusqu\u2019\u00e0 500 x 800 mm.<\/p>\n\n\n\n<div style=\"height:1rem\" aria-hidden=\"true\" class=\"wp-block-spacer\"><\/div>\n\n\n\n<p>Une id\u00e9e originale pour vos objets d\u00e9co, cadeaux, planches ap\u00e9ro, verres, enseigne de maison ou commerce, \u2026<\/p>\n","protected":false},"excerpt":{"rendered":"<p>Nous vous proposons \u00e9galement de la gravure laser sur bois, verre, \u2026 sur des supports pouvant faire jusqu\u2019\u00e0 500 x 800 mm. Une id\u00e9e originale pour vos objets d\u00e9co, cadeaux, planches ap\u00e9ro, verres, enseigne de maison ou commerce, \u2026<\/p>\n","protected":false},"author":1,"featured_media":43,"parent":0,"menu_order":0,"comment_status":"closed","ping_status":"closed","template":"","meta":{"footnotes":""},"class_list":["post-41","page","type-page","status-publish","has-post-thumbnail","hentry"],"_links":{"self":[{"href":"https:\/\/scierie05.fr\/index.php\/wp-json\/wp\/v2\/pages\/41","targetHints":{"allow":["GET"]}}],"collection":[{"href":"https:\/\/scierie05.fr\/index.php\/wp-json\/wp\/v2\/pages"}],"about":[{"href":"https:\/\/scierie05.fr\/index.php\/wp-json\/wp\/v2\/types\/page"}],"author":[{"embeddable":true,"href":"https:\/\/scierie05.fr\/index.php\/wp-json\/wp\/v2\/users\/1"}],"replies":[{"embeddable":true,"href":"https:\/\/scierie05.fr\/index.php\/wp-json\/wp\/v2\/comments?post=41"}],"version-history":[{"count":2,"href":"https:\/\/scierie05.fr\/index.php\/wp-json\/wp\/v2\/pages\/41\/revisions"}],"predecessor-version":[{"id":45,"href":"https:\/\/scierie05.fr\/index.php\/wp-json\/wp\/v2\/pages\/41\/revisions\/45"}],"wp:featuredmedia":[{"embeddable":true,"href":"https:\/\/scierie05.fr\/index.php\/wp-json\/wp\/v2\/media\/43"}],"wp:attachment":[{"href":"https:\/\/scierie05.fr\/index.php\/wp-json\/wp\/v2\/media?parent=41"}],"curies":[{"name":"wp","href":"https:\/\/api.w.org\/{rel}","templated":true}]}}